{"id":4488,"date":"2025-07-17T12:26:06","date_gmt":"2025-07-17T10:26:06","guid":{"rendered":"https:\/\/casteralimentacion.com\/products\/sweets\/"},"modified":"2025-10-17T12:20:31","modified_gmt":"2025-10-17T10:20:31","slug":"sweets","status":"publish","type":"page","link":"https:\/\/casteralimentacion.com\/en\/products\/sweets\/","title":{"rendered":"Honey"},"content":{"rendered":"\t\t<div data-elementor-type=\"wp-page\" data-elementor-id=\"4488\" class=\"elementor elementor-4488 elementor-990\" data-elementor-post-type=\"page\">\n\t\t\t\t<div class=\"elementor-element elementor-element-e4cd992 e-con-full e-flex e-con e-parent\" data-id=\"e4cd992\" data-element_type=\"container\" data-e-type=\"container\" data-settings=\"{&quot;background_background&quot;:&quot;classic&quot;,&quot;background_motion_fx_motion_fx_scrolling&quot;:&quot;yes&quot;,&quot;background_motion_fx_devices&quot;:[&quot;desktop&quot;,&quot;tablet&quot;,&quot;mobile&quot;]}\">\n\t\t\t\t<div class=\"elementor-element elementor-element-d08f3ac elementor-widget-mobile__width-initial elementor-widget elementor-widget-heading\" data-id=\"d08f3ac\" data-element_type=\"widget\" data-e-type=\"widget\" data-widget_type=\"heading.default\">\n\t\t\t\t<div class=\"elementor-widget-container\">\n\t\t\t\t\t<h2 class=\"elementor-heading-title elementor-size-default\">HONEY<\/h2>\t\t\t\t<\/div>\n\t\t\t\t<\/div>\n\t\t\t\t<div class=\"elementor-element elementor-element-614798a elementor-widget__width-initial elementor-widget-mobile__width-initial elementor-widget elementor-widget-text-editor\" data-id=\"614798a\" data-element_type=\"widget\" data-e-type=\"widget\" data-widget_type=\"text-editor.default\">\n\t\t\t\t<div class=\"elementor-widget-container\">\n\t\t\t\t\t\t\t\t\t<p>Sweetening naturally is easy with our honeys: authentic flavor, fluid texture and a convenient format to use in toast, infusions or add to your favorite dishes, providing a sweet and healthy touch without complications.<\/p>\t\t\t\t\t\t\t\t<\/div>\n\t\t\t\t<\/div>\n\t\t\t\t<div class=\"elementor-element elementor-element-6274e75 elementor-widget elementor-widget-image\" data-id=\"6274e75\" data-element_type=\"widget\" data-e-type=\"widget\" data-widget_type=\"image.default\">\n\t\t\t\t<div class=\"elementor-widget-container\">\n\t\t\t\t\t\t\t\t\t\t\t\t\t\t\t<img fetchpriority=\"high\" decoding=\"async\" width=\"800\" height=\"800\" src=\"https:\/\/casteralimentacion.com\/wp-content\/uploads\/miel-producto.avif\" class=\"attachment-large size-large wp-image-5582\" alt=\"\" srcset=\"https:\/\/casteralimentacion.com\/wp-content\/uploads\/miel-producto.avif 1024w, https:\/\/casteralimentacion.com\/wp-content\/uploads\/miel-producto-300x300.avif 300w, https:\/\/casteralimentacion.com\/wp-content\/uploads\/miel-producto-150x150.avif 150w, https:\/\/casteralimentacion.com\/wp-content\/uploads\/miel-producto-768x768.avif 768w\" sizes=\"(max-width: 800px) 100vw, 800px\" \/>\t\t\t\t\t\t\t\t\t\t\t\t\t\t\t<\/div>\n\t\t\t\t<\/div>\n\t\t\t\t<\/div>\n\t\t<div class=\"elementor-element elementor-element-7e827fc e-con-full e-flex e-con e-parent\" data-id=\"7e827fc\" data-element_type=\"container\" data-e-type=\"container\">\n\t\t\t\t<\/div>\n\t\t\t\t<\/div>\n\t\t","protected":false},"excerpt":{"rendered":"<p>HONEY Sweetening naturally is easy with our honeys: authentic flavor, fluid texture and a convenient format to use in toast, infusions or add to your favorite dishes, providing a sweet and healthy touch without complications.<\/p>\n","protected":false},"author":1,"featured_media":0,"parent":4469,"menu_order":0,"comment_status":"closed","ping_status":"closed","template":"","meta":{"inline_featured_image":false,"footnotes":""},"class_list":["post-4488","page","type-page","status-publish","hentry"],"yoast_head":"<!-- This site is optimized with the Yoast SEO Premium plugin v25.7.1 (Yoast SEO v27.5) - https:\/\/yoast.com\/product\/yoast-seo-premium-wordpress\/ -->\n<title>Sweets | C\u00e1ster Alimentaci\u00f3n - Sweeten your Moments<\/title>\n<meta name=\"description\" content=\"Try C\u00e1ster Alimentaci\u00f3n&#039;s sweets: single-dose and practical formats to sweeten breakfasts, desserts and special moments. 100% quality\" \/>\n<meta name=\"robots\" content=\"index, follow, max-snippet:-1, max-image-preview:large, max-video-preview:-1\" \/>\n<link rel=\"canonical\" href=\"https:\/\/casteralimentacion.com\/en\/products\/sweets\/\" \/>\n<meta property=\"og:locale\" content=\"en_US\" \/>\n<meta property=\"og:type\" content=\"article\" \/>\n<meta property=\"og:title\" content=\"Honey\" \/>\n<meta property=\"og:description\" content=\"Try C\u00e1ster Alimentaci\u00f3n&#039;s sweets: single-dose and practical formats to sweeten breakfasts, desserts and special moments. 100% quality\" \/>\n<meta property=\"og:url\" content=\"https:\/\/casteralimentacion.com\/en\/products\/sweets\/\" \/>\n<meta property=\"og:site_name\" content=\"Caster Alimentaci\u00f3n\" \/>\n<meta property=\"article:modified_time\" content=\"2025-10-17T10:20:31+00:00\" \/>\n<meta property=\"og:image\" content=\"https:\/\/casteralimentacion.com\/wp-content\/uploads\/miel-producto.avif\" \/>\n\t<meta property=\"og:image:width\" content=\"1024\" \/>\n\t<meta property=\"og:image:height\" content=\"1024\" \/>\n\t<meta property=\"og:image:type\" content=\"image\/png\" \/>\n<meta name=\"twitter:card\" content=\"summary_large_image\" \/>\n<script type=\"application\/ld+json\" class=\"yoast-schema-graph\">{\"@context\":\"https:\\\/\\\/schema.org\",\"@graph\":[{\"@type\":\"WebPage\",\"@id\":\"https:\\\/\\\/casteralimentacion.com\\\/en\\\/products\\\/sweets\\\/\",\"url\":\"https:\\\/\\\/casteralimentacion.com\\\/en\\\/products\\\/sweets\\\/\",\"name\":\"Sweets | C\u00e1ster Alimentaci\u00f3n - Sweeten your Moments\",\"isPartOf\":{\"@id\":\"https:\\\/\\\/casteralimentacion.com\\\/en\\\/#website\"},\"primaryImageOfPage\":{\"@id\":\"https:\\\/\\\/casteralimentacion.com\\\/en\\\/products\\\/sweets\\\/#primaryimage\"},\"image\":{\"@id\":\"https:\\\/\\\/casteralimentacion.com\\\/en\\\/products\\\/sweets\\\/#primaryimage\"},\"thumbnailUrl\":\"https:\\\/\\\/casteralimentacion.com\\\/wp-content\\\/uploads\\\/miel-producto.avif\",\"datePublished\":\"2025-07-17T10:26:06+00:00\",\"dateModified\":\"2025-10-17T10:20:31+00:00\",\"description\":\"Try C\u00e1ster Alimentaci\u00f3n's sweets: single-dose and practical formats to sweeten breakfasts, desserts and special moments. 100% quality\",\"breadcrumb\":{\"@id\":\"https:\\\/\\\/casteralimentacion.com\\\/en\\\/products\\\/sweets\\\/#breadcrumb\"},\"inLanguage\":\"en-US\",\"potentialAction\":[{\"@type\":\"ReadAction\",\"target\":[\"https:\\\/\\\/casteralimentacion.com\\\/en\\\/products\\\/sweets\\\/\"]}]},{\"@type\":\"ImageObject\",\"inLanguage\":\"en-US\",\"@id\":\"https:\\\/\\\/casteralimentacion.com\\\/en\\\/products\\\/sweets\\\/#primaryimage\",\"url\":\"https:\\\/\\\/casteralimentacion.com\\\/wp-content\\\/uploads\\\/miel-producto.avif\",\"contentUrl\":\"https:\\\/\\\/casteralimentacion.com\\\/wp-content\\\/uploads\\\/miel-producto.avif\"},{\"@type\":\"BreadcrumbList\",\"@id\":\"https:\\\/\\\/casteralimentacion.com\\\/en\\\/products\\\/sweets\\\/#breadcrumb\",\"itemListElement\":[{\"@type\":\"ListItem\",\"position\":1,\"name\":\"Portada\",\"item\":\"https:\\\/\\\/casteralimentacion.com\\\/en\\\/home\\\/\"},{\"@type\":\"ListItem\",\"position\":2,\"name\":\"Products\",\"item\":\"https:\\\/\\\/casteralimentacion.com\\\/en\\\/productos\\\/\"},{\"@type\":\"ListItem\",\"position\":3,\"name\":\"Honey\"}]},{\"@type\":\"WebSite\",\"@id\":\"https:\\\/\\\/casteralimentacion.com\\\/en\\\/#website\",\"url\":\"https:\\\/\\\/casteralimentacion.com\\\/en\\\/\",\"name\":\"Caster Alimentaci\u00f3n\",\"description\":\"Fabricaci\u00f3n de salsas, confituras, mermeladas, miel y margarinas\",\"publisher\":{\"@id\":\"https:\\\/\\\/casteralimentacion.com\\\/en\\\/#organization\"},\"potentialAction\":[{\"@type\":\"SearchAction\",\"target\":{\"@type\":\"EntryPoint\",\"urlTemplate\":\"https:\\\/\\\/casteralimentacion.com\\\/en\\\/?s={search_term_string}\"},\"query-input\":{\"@type\":\"PropertyValueSpecification\",\"valueRequired\":true,\"valueName\":\"search_term_string\"}}],\"inLanguage\":\"en-US\"},{\"@type\":\"Organization\",\"@id\":\"https:\\\/\\\/casteralimentacion.com\\\/en\\\/#organization\",\"name\":\"Caster Alimentaci\u00f3n\",\"url\":\"https:\\\/\\\/casteralimentacion.com\\\/en\\\/\",\"logo\":{\"@type\":\"ImageObject\",\"inLanguage\":\"en-US\",\"@id\":\"https:\\\/\\\/casteralimentacion.com\\\/en\\\/#\\\/schema\\\/logo\\\/image\\\/\",\"url\":\"https:\\\/\\\/casteralimentacion.com\\\/wp-content\\\/uploads\\\/logo.svg\",\"contentUrl\":\"https:\\\/\\\/casteralimentacion.com\\\/wp-content\\\/uploads\\\/logo.svg\",\"width\":437,\"height\":104,\"caption\":\"Caster Alimentaci\u00f3n\"},\"image\":{\"@id\":\"https:\\\/\\\/casteralimentacion.com\\\/en\\\/#\\\/schema\\\/logo\\\/image\\\/\"}}]}<\/script>\n<!-- \/ Yoast SEO Premium plugin. -->","yoast_head_json":{"title":"Sweets | C\u00e1ster Alimentaci\u00f3n - Sweeten your Moments","description":"Try C\u00e1ster Alimentaci\u00f3n's sweets: single-dose and practical formats to sweeten breakfasts, desserts and special moments. 100% quality","robots":{"index":"index","follow":"follow","max-snippet":"max-snippet:-1","max-image-preview":"max-image-preview:large","max-video-preview":"max-video-preview:-1"},"canonical":"https:\/\/casteralimentacion.com\/en\/products\/sweets\/","og_locale":"en_US","og_type":"article","og_title":"Honey","og_description":"Try C\u00e1ster Alimentaci\u00f3n's sweets: single-dose and practical formats to sweeten breakfasts, desserts and special moments. 100% quality","og_url":"https:\/\/casteralimentacion.com\/en\/products\/sweets\/","og_site_name":"Caster Alimentaci\u00f3n","article_modified_time":"2025-10-17T10:20:31+00:00","og_image":[{"width":1024,"height":1024,"url":"https:\/\/casteralimentacion.com\/wp-content\/uploads\/miel-producto.avif","type":"image\/png"}],"twitter_card":"summary_large_image","schema":{"@context":"https:\/\/schema.org","@graph":[{"@type":"WebPage","@id":"https:\/\/casteralimentacion.com\/en\/products\/sweets\/","url":"https:\/\/casteralimentacion.com\/en\/products\/sweets\/","name":"Sweets | C\u00e1ster Alimentaci\u00f3n - Sweeten your Moments","isPartOf":{"@id":"https:\/\/casteralimentacion.com\/en\/#website"},"primaryImageOfPage":{"@id":"https:\/\/casteralimentacion.com\/en\/products\/sweets\/#primaryimage"},"image":{"@id":"https:\/\/casteralimentacion.com\/en\/products\/sweets\/#primaryimage"},"thumbnailUrl":"https:\/\/casteralimentacion.com\/wp-content\/uploads\/miel-producto.avif","datePublished":"2025-07-17T10:26:06+00:00","dateModified":"2025-10-17T10:20:31+00:00","description":"Try C\u00e1ster Alimentaci\u00f3n's sweets: single-dose and practical formats to sweeten breakfasts, desserts and special moments. 100% quality","breadcrumb":{"@id":"https:\/\/casteralimentacion.com\/en\/products\/sweets\/#breadcrumb"},"inLanguage":"en-US","potentialAction":[{"@type":"ReadAction","target":["https:\/\/casteralimentacion.com\/en\/products\/sweets\/"]}]},{"@type":"ImageObject","inLanguage":"en-US","@id":"https:\/\/casteralimentacion.com\/en\/products\/sweets\/#primaryimage","url":"https:\/\/casteralimentacion.com\/wp-content\/uploads\/miel-producto.avif","contentUrl":"https:\/\/casteralimentacion.com\/wp-content\/uploads\/miel-producto.avif"},{"@type":"BreadcrumbList","@id":"https:\/\/casteralimentacion.com\/en\/products\/sweets\/#breadcrumb","itemListElement":[{"@type":"ListItem","position":1,"name":"Portada","item":"https:\/\/casteralimentacion.com\/en\/home\/"},{"@type":"ListItem","position":2,"name":"Products","item":"https:\/\/casteralimentacion.com\/en\/productos\/"},{"@type":"ListItem","position":3,"name":"Honey"}]},{"@type":"WebSite","@id":"https:\/\/casteralimentacion.com\/en\/#website","url":"https:\/\/casteralimentacion.com\/en\/","name":"Caster Alimentaci\u00f3n","description":"Fabricaci\u00f3n de salsas, confituras, mermeladas, miel y margarinas","publisher":{"@id":"https:\/\/casteralimentacion.com\/en\/#organization"},"potentialAction":[{"@type":"SearchAction","target":{"@type":"EntryPoint","urlTemplate":"https:\/\/casteralimentacion.com\/en\/?s={search_term_string}"},"query-input":{"@type":"PropertyValueSpecification","valueRequired":true,"valueName":"search_term_string"}}],"inLanguage":"en-US"},{"@type":"Organization","@id":"https:\/\/casteralimentacion.com\/en\/#organization","name":"Caster Alimentaci\u00f3n","url":"https:\/\/casteralimentacion.com\/en\/","logo":{"@type":"ImageObject","inLanguage":"en-US","@id":"https:\/\/casteralimentacion.com\/en\/#\/schema\/logo\/image\/","url":"https:\/\/casteralimentacion.com\/wp-content\/uploads\/logo.svg","contentUrl":"https:\/\/casteralimentacion.com\/wp-content\/uploads\/logo.svg","width":437,"height":104,"caption":"Caster Alimentaci\u00f3n"},"image":{"@id":"https:\/\/casteralimentacion.com\/en\/#\/schema\/logo\/image\/"}}]}},"_links":{"self":[{"href":"https:\/\/casteralimentacion.com\/en\/wp-json\/wp\/v2\/pages\/4488","targetHints":{"allow":["GET"]}}],"collection":[{"href":"https:\/\/casteralimentacion.com\/en\/wp-json\/wp\/v2\/pages"}],"about":[{"href":"https:\/\/casteralimentacion.com\/en\/wp-json\/wp\/v2\/types\/page"}],"author":[{"embeddable":true,"href":"https:\/\/casteralimentacion.com\/en\/wp-json\/wp\/v2\/users\/1"}],"replies":[{"embeddable":true,"href":"https:\/\/casteralimentacion.com\/en\/wp-json\/wp\/v2\/comments?post=4488"}],"version-history":[{"count":4,"href":"https:\/\/casteralimentacion.com\/en\/wp-json\/wp\/v2\/pages\/4488\/revisions"}],"predecessor-version":[{"id":5619,"href":"https:\/\/casteralimentacion.com\/en\/wp-json\/wp\/v2\/pages\/4488\/revisions\/5619"}],"up":[{"embeddable":true,"href":"https:\/\/casteralimentacion.com\/en\/wp-json\/wp\/v2\/pages\/4469"}],"wp:attachment":[{"href":"https:\/\/casteralimentacion.com\/en\/wp-json\/wp\/v2\/media?parent=4488"}],"curies":[{"name":"wp","href":"https:\/\/api.w.org\/{rel}","templated":true}]}}