{"id":4469,"date":"2025-07-21T20:09:07","date_gmt":"2025-07-21T18:09:07","guid":{"rendered":"https:\/\/casteralimentacion.com\/products\/"},"modified":"2025-10-17T09:08:42","modified_gmt":"2025-10-17T07:08:42","slug":"products","status":"publish","type":"page","link":"https:\/\/casteralimentacion.com\/en\/products\/","title":{"rendered":"Products"},"content":{"rendered":"\t\t<div data-elementor-type=\"wp-page\" data-elementor-id=\"4469\" class=\"elementor elementor-4469 elementor-1281\" data-elementor-post-type=\"page\">\n\t\t\t\t<div class=\"elementor-element elementor-element-4eb5906 e-con-full e-flex e-con e-parent\" data-id=\"4eb5906\" data-element_type=\"container\" data-e-type=\"container\" data-settings=\"{&quot;background_background&quot;:&quot;classic&quot;}\">\n\t\t<div class=\"elementor-element elementor-element-566dcd8 e-con-full e-flex e-con e-child\" data-id=\"566dcd8\" data-element_type=\"container\" data-e-type=\"container\">\n\t\t\t\t<div class=\"elementor-element elementor-element-9931e5b elementor-widget-mobile__width-initial elementor-widget elementor-widget-heading\" data-id=\"9931e5b\" data-element_type=\"widget\" data-e-type=\"widget\" data-widget_type=\"heading.default\">\n\t\t\t\t<div class=\"elementor-widget-container\">\n\t\t\t\t\t<h2 class=\"elementor-heading-title elementor-size-default\">OUR<br> PRODUCTS<\/h2>\t\t\t\t<\/div>\n\t\t\t\t<\/div>\n\t\t\t\t<div class=\"elementor-element elementor-element-88fb43f elementor-widget__width-initial elementor-widget-mobile__width-initial elementor-widget elementor-widget-text-editor\" data-id=\"88fb43f\" data-element_type=\"widget\" data-e-type=\"widget\" data-widget_type=\"text-editor.default\">\n\t\t\t\t<div class=\"elementor-widget-container\">\n\t\t\t\t\t\t\t\t\t<p>Quality and flavor in every product. Discover them and enjoy the difference!<\/p>\t\t\t\t\t\t\t\t<\/div>\n\t\t\t\t<\/div>\n\t\t\t\t<\/div>\n\t\t<div class=\"elementor-element elementor-element-696ca0e e-con-full e-flex e-con e-child\" data-id=\"696ca0e\" data-element_type=\"container\" data-e-type=\"container\" data-settings=\"{&quot;background_background&quot;:&quot;classic&quot;}\">\n\t\t\t\t<\/div>\n\t\t\t\t<\/div>\n\t\t<div class=\"elementor-element elementor-element-21e7099 e-con-full e-flex e-con e-parent\" data-id=\"21e7099\" data-element_type=\"container\" data-e-type=\"container\">\n\t\t\t\t<\/div>\n\t\t\t\t<\/div>\n\t\t","protected":false},"excerpt":{"rendered":"<p>OUR PRODUCTS Quality and flavor in every product. Discover them and enjoy the difference!<\/p>\n","protected":false},"author":1,"featured_media":0,"parent":0,"menu_order":0,"comment_status":"closed","ping_status":"closed","template":"","meta":{"inline_featured_image":false,"footnotes":""},"class_list":["post-4469","page","type-page","status-publish","hentry"],"yoast_head":"<!-- This site is optimized with the Yoast SEO Premium plugin v25.7.1 (Yoast SEO v27.4) - https:\/\/yoast.com\/product\/yoast-seo-premium-wordpress\/ -->\n<title>Products | C\u00e1ster Alimentaci\u00f3n - Quality and Variety<\/title>\n<meta name=\"description\" content=\"Explore our range of sauces, dressings, jams and jellies. C\u00e1ster Alimentaci\u00f3n: quality and tradition since 1971.\" \/>\n<meta name=\"robots\" content=\"index, follow, max-snippet:-1, max-image-preview:large, max-video-preview:-1\" \/>\n<link rel=\"canonical\" href=\"https:\/\/casteralimentacion.com\/en\/products\/\" \/>\n<meta property=\"og:locale\" content=\"en_US\" \/>\n<meta property=\"og:type\" content=\"article\" \/>\n<meta property=\"og:title\" content=\"Products\" \/>\n<meta property=\"og:description\" content=\"Explore our range of sauces, dressings, jams and jellies. C\u00e1ster Alimentaci\u00f3n: quality and tradition since 1971.\" \/>\n<meta property=\"og:url\" content=\"https:\/\/casteralimentacion.com\/en\/products\/\" \/>\n<meta property=\"og:site_name\" content=\"Caster Alimentaci\u00f3n\" \/>\n<meta property=\"article:modified_time\" content=\"2025-10-17T07:08:42+00:00\" \/>\n<meta name=\"twitter:card\" content=\"summary_large_image\" \/>\n<script type=\"application\/ld+json\" class=\"yoast-schema-graph\">{\"@context\":\"https:\\\/\\\/schema.org\",\"@graph\":[{\"@type\":\"WebPage\",\"@id\":\"https:\\\/\\\/casteralimentacion.com\\\/en\\\/products\\\/\",\"url\":\"https:\\\/\\\/casteralimentacion.com\\\/en\\\/products\\\/\",\"name\":\"Products | C\u00e1ster Alimentaci\u00f3n - Quality and Variety\",\"isPartOf\":{\"@id\":\"https:\\\/\\\/casteralimentacion.com\\\/en\\\/#website\"},\"datePublished\":\"2025-07-21T18:09:07+00:00\",\"dateModified\":\"2025-10-17T07:08:42+00:00\",\"description\":\"Explore our range of sauces, dressings, jams and jellies. C\u00e1ster Alimentaci\u00f3n: quality and tradition since 1971.\",\"breadcrumb\":{\"@id\":\"https:\\\/\\\/casteralimentacion.com\\\/en\\\/products\\\/#breadcrumb\"},\"inLanguage\":\"en-US\",\"potentialAction\":[{\"@type\":\"ReadAction\",\"target\":[\"https:\\\/\\\/casteralimentacion.com\\\/en\\\/products\\\/\"]}]},{\"@type\":\"BreadcrumbList\",\"@id\":\"https:\\\/\\\/casteralimentacion.com\\\/en\\\/products\\\/#breadcrumb\",\"itemListElement\":[{\"@type\":\"ListItem\",\"position\":1,\"name\":\"Portada\",\"item\":\"https:\\\/\\\/casteralimentacion.com\\\/en\\\/home\\\/\"},{\"@type\":\"ListItem\",\"position\":2,\"name\":\"Products\"}]},{\"@type\":\"WebSite\",\"@id\":\"https:\\\/\\\/casteralimentacion.com\\\/en\\\/#website\",\"url\":\"https:\\\/\\\/casteralimentacion.com\\\/en\\\/\",\"name\":\"Caster Alimentaci\u00f3n\",\"description\":\"Fabricaci\u00f3n de salsas, confituras, mermeladas, miel y margarinas\",\"publisher\":{\"@id\":\"https:\\\/\\\/casteralimentacion.com\\\/en\\\/#organization\"},\"potentialAction\":[{\"@type\":\"SearchAction\",\"target\":{\"@type\":\"EntryPoint\",\"urlTemplate\":\"https:\\\/\\\/casteralimentacion.com\\\/en\\\/?s={search_term_string}\"},\"query-input\":{\"@type\":\"PropertyValueSpecification\",\"valueRequired\":true,\"valueName\":\"search_term_string\"}}],\"inLanguage\":\"en-US\"},{\"@type\":\"Organization\",\"@id\":\"https:\\\/\\\/casteralimentacion.com\\\/en\\\/#organization\",\"name\":\"Caster Alimentaci\u00f3n\",\"url\":\"https:\\\/\\\/casteralimentacion.com\\\/en\\\/\",\"logo\":{\"@type\":\"ImageObject\",\"inLanguage\":\"en-US\",\"@id\":\"https:\\\/\\\/casteralimentacion.com\\\/en\\\/#\\\/schema\\\/logo\\\/image\\\/\",\"url\":\"https:\\\/\\\/casteralimentacion.com\\\/wp-content\\\/uploads\\\/logo.svg\",\"contentUrl\":\"https:\\\/\\\/casteralimentacion.com\\\/wp-content\\\/uploads\\\/logo.svg\",\"width\":437,\"height\":104,\"caption\":\"Caster Alimentaci\u00f3n\"},\"image\":{\"@id\":\"https:\\\/\\\/casteralimentacion.com\\\/en\\\/#\\\/schema\\\/logo\\\/image\\\/\"}}]}<\/script>\n<!-- \/ Yoast SEO Premium plugin. -->","yoast_head_json":{"title":"Products | C\u00e1ster Alimentaci\u00f3n - Quality and Variety","description":"Explore our range of sauces, dressings, jams and jellies. C\u00e1ster Alimentaci\u00f3n: quality and tradition since 1971.","robots":{"index":"index","follow":"follow","max-snippet":"max-snippet:-1","max-image-preview":"max-image-preview:large","max-video-preview":"max-video-preview:-1"},"canonical":"https:\/\/casteralimentacion.com\/en\/products\/","og_locale":"en_US","og_type":"article","og_title":"Products","og_description":"Explore our range of sauces, dressings, jams and jellies. C\u00e1ster Alimentaci\u00f3n: quality and tradition since 1971.","og_url":"https:\/\/casteralimentacion.com\/en\/products\/","og_site_name":"Caster Alimentaci\u00f3n","article_modified_time":"2025-10-17T07:08:42+00:00","twitter_card":"summary_large_image","schema":{"@context":"https:\/\/schema.org","@graph":[{"@type":"WebPage","@id":"https:\/\/casteralimentacion.com\/en\/products\/","url":"https:\/\/casteralimentacion.com\/en\/products\/","name":"Products | C\u00e1ster Alimentaci\u00f3n - Quality and Variety","isPartOf":{"@id":"https:\/\/casteralimentacion.com\/en\/#website"},"datePublished":"2025-07-21T18:09:07+00:00","dateModified":"2025-10-17T07:08:42+00:00","description":"Explore our range of sauces, dressings, jams and jellies. C\u00e1ster Alimentaci\u00f3n: quality and tradition since 1971.","breadcrumb":{"@id":"https:\/\/casteralimentacion.com\/en\/products\/#breadcrumb"},"inLanguage":"en-US","potentialAction":[{"@type":"ReadAction","target":["https:\/\/casteralimentacion.com\/en\/products\/"]}]},{"@type":"BreadcrumbList","@id":"https:\/\/casteralimentacion.com\/en\/products\/#breadcrumb","itemListElement":[{"@type":"ListItem","position":1,"name":"Portada","item":"https:\/\/casteralimentacion.com\/en\/home\/"},{"@type":"ListItem","position":2,"name":"Products"}]},{"@type":"WebSite","@id":"https:\/\/casteralimentacion.com\/en\/#website","url":"https:\/\/casteralimentacion.com\/en\/","name":"Caster Alimentaci\u00f3n","description":"Fabricaci\u00f3n de salsas, confituras, mermeladas, miel y margarinas","publisher":{"@id":"https:\/\/casteralimentacion.com\/en\/#organization"},"potentialAction":[{"@type":"SearchAction","target":{"@type":"EntryPoint","urlTemplate":"https:\/\/casteralimentacion.com\/en\/?s={search_term_string}"},"query-input":{"@type":"PropertyValueSpecification","valueRequired":true,"valueName":"search_term_string"}}],"inLanguage":"en-US"},{"@type":"Organization","@id":"https:\/\/casteralimentacion.com\/en\/#organization","name":"Caster Alimentaci\u00f3n","url":"https:\/\/casteralimentacion.com\/en\/","logo":{"@type":"ImageObject","inLanguage":"en-US","@id":"https:\/\/casteralimentacion.com\/en\/#\/schema\/logo\/image\/","url":"https:\/\/casteralimentacion.com\/wp-content\/uploads\/logo.svg","contentUrl":"https:\/\/casteralimentacion.com\/wp-content\/uploads\/logo.svg","width":437,"height":104,"caption":"Caster Alimentaci\u00f3n"},"image":{"@id":"https:\/\/casteralimentacion.com\/en\/#\/schema\/logo\/image\/"}}]}},"_links":{"self":[{"href":"https:\/\/casteralimentacion.com\/en\/wp-json\/wp\/v2\/pages\/4469","targetHints":{"allow":["GET"]}}],"collection":[{"href":"https:\/\/casteralimentacion.com\/en\/wp-json\/wp\/v2\/pages"}],"about":[{"href":"https:\/\/casteralimentacion.com\/en\/wp-json\/wp\/v2\/types\/page"}],"author":[{"embeddable":true,"href":"https:\/\/casteralimentacion.com\/en\/wp-json\/wp\/v2\/users\/1"}],"replies":[{"embeddable":true,"href":"https:\/\/casteralimentacion.com\/en\/wp-json\/wp\/v2\/comments?post=4469"}],"version-history":[{"count":12,"href":"https:\/\/casteralimentacion.com\/en\/wp-json\/wp\/v2\/pages\/4469\/revisions"}],"predecessor-version":[{"id":5525,"href":"https:\/\/casteralimentacion.com\/en\/wp-json\/wp\/v2\/pages\/4469\/revisions\/5525"}],"wp:attachment":[{"href":"https:\/\/casteralimentacion.com\/en\/wp-json\/wp\/v2\/media?parent=4469"}],"curies":[{"name":"wp","href":"https:\/\/api.w.org\/{rel}","templated":true}]}}